{"id":85,"date":"2020-02-06T09:06:00","date_gmt":"2020-02-06T06:06:00","guid":{"rendered":"https:\/\/litho.themezaa.com\/?page_id=85"},"modified":"2022-05-27T21:54:29","modified_gmt":"2022-05-27T18:54:29","slug":"metalurji-tekn-kurs","status":"publish","type":"page","link":"http:\/\/meydeb.com\/?page_id=85","title":{"rendered":"METAL\u00dcRJ\u0130 TEKNOLOJ\u0130LER\u0130 &#8211; KURS"},"content":{"rendered":"\t\t<div data-elementor-type=\"wp-page\" data-elementor-id=\"85\" class=\"elementor elementor-85\">\n\t\t\t\t\t\t<section class=\"elementor-section elementor-top-section elementor-element elementor-element-1e5333a elementor-section-content-middle elementor-section-boxed elementor-section-height-default elementor-section-height-default\" data-id=\"1e5333a\" data-element_type=\"section\" data-e-type=\"section\">\n\t\t\t\t\t\t<div class=\"elementor-container elementor-column-gap-default\">\n\t\t\t\t\t<div class=\" elementor-column elementor-col-100 elementor-top-column elementor-element elementor-element-e9247bc\" data-fullscreen-column-settings=\"{&quot;fullscreen&quot;:&quot;&quot;}\" data-id=\"e9247bc\" data-element_type=\"column\" data-e-type=\"column\">\n\t\t\t<div class=\"elementor-widget-wrap elementor-element-populated\">\n\t\t\t\t\t\t<div class=\"elementor-element elementor-element-6a99df3 elementor-widget elementor-widget-image\" data-id=\"6a99df3\" data-element_type=\"widget\" data-e-type=\"widget\" data-widget_type=\"image.default\">\n\t\t\t\t\t\t\t\t\t\t\t\t\t\t\t<img fetchpriority=\"high\" decoding=\"async\" width=\"1500\" height=\"999\" src=\"http:\/\/meydeb.com\/wp-content\/uploads\/2022\/04\/17-Do\u0308ku\u0308mcu\u0308lu\u0308k.jpg\" class=\"attachment-full size-full wp-image-76818\" alt=\"\" srcset=\"http:\/\/meydeb.com\/wp-content\/uploads\/2022\/04\/17-Do\u0308ku\u0308mcu\u0308lu\u0308k.jpg 1500w, http:\/\/meydeb.com\/wp-content\/uploads\/2022\/04\/17-Do\u0308ku\u0308mcu\u0308lu\u0308k-300x200.jpg 300w, http:\/\/meydeb.com\/wp-content\/uploads\/2022\/04\/17-Do\u0308ku\u0308mcu\u0308lu\u0308k-1024x682.jpg 1024w, http:\/\/meydeb.com\/wp-content\/uploads\/2022\/04\/17-Do\u0308ku\u0308mcu\u0308lu\u0308k-768x511.jpg 768w, http:\/\/meydeb.com\/wp-content\/uploads\/2022\/04\/17-Do\u0308ku\u0308mcu\u0308lu\u0308k-200x133.jpg 200w\" sizes=\"(max-width: 1500px) 100vw, 1500px\" \/>\t\t\t\t\t\t\t\t\t\t\t\t\t\t\t<\/div>\n\t\t\t\t\t<\/div>\n\t\t<\/div>\n\t\t\t\t\t<\/div>\n\t\t<\/section>\n\t\t\t\t<section class=\"elementor-section elementor-top-section elementor-element elementor-element-92978b1 elementor-section-content-middle elementor-section-boxed elementor-section-height-default elementor-section-height-default\" data-id=\"92978b1\" data-element_type=\"section\" data-e-type=\"section\">\n\t\t\t\t\t\t<div class=\"elementor-container elementor-column-gap-default\">\n\t\t\t\t\t<div class=\" elementor-column elementor-col-100 elementor-top-column elementor-element elementor-element-b3fa1ca\" data-fullscreen-column-settings=\"{&quot;fullscreen&quot;:&quot;&quot;}\" data-id=\"b3fa1ca\" data-element_type=\"column\" data-e-type=\"column\">\n\t\t\t<div class=\"elementor-widget-wrap elementor-element-populated\">\n\t\t\t\t\t\t<section class=\"elementor-section elementor-inner-section elementor-element elementor-element-c49e7bc elementor-section-content-middle elementor-section-boxed elementor-section-height-default elementor-section-height-default\" data-id=\"c49e7bc\" data-element_type=\"section\" data-e-type=\"section\" data-settings=\"{&quot;background_background&quot;:&quot;classic&quot;}\">\n\t\t\t\t\t\t<div class=\"elementor-container elementor-column-gap-default\">\n\t\t\t\t\t<div class=\" elementor-column elementor-col-25 elementor-inner-column elementor-element elementor-element-90cb35c elementor-hidden-phone\" data-fullscreen-column-settings=\"{&quot;fullscreen&quot;:&quot;&quot;}\" data-id=\"90cb35c\" data-element_type=\"column\" data-e-type=\"column\">\n\t\t\t<div class=\"elementor-widget-wrap\">\n\t\t\t\t\t\t\t<\/div>\n\t\t<\/div>\n\t\t\t\t<div class=\" elementor-column elementor-col-25 elementor-inner-column elementor-element elementor-element-ad3515f elementor-invisible\" data-fullscreen-column-settings=\"{&quot;fullscreen&quot;:&quot;&quot;}\" data-id=\"ad3515f\" data-element_type=\"column\" data-e-type=\"column\" data-settings=\"{&quot;animation&quot;:&quot;fadeIn&quot;,&quot;animation_delay&quot;:200}\">\n\t\t\t<div class=\"elementor-widget-wrap elementor-element-populated\">\n\t\t\t\t\t\t<div class=\"elementor-element elementor-element-42023ef elementor-widget__width-initial elementor-view-default elementor-widget elementor-widget-icon\" data-id=\"42023ef\" data-element_type=\"widget\" data-e-type=\"widget\" data-widget_type=\"icon.default\">\n\t\t\t\t\t\t\t<div class=\"elementor-icon-wrapper\">\n\t\t\t<div class=\"elementor-icon\">\n\t\t\t<svg aria-hidden=\"true\" class=\"e-font-icon-svg e-fas-quote-left\" viewBox=\"0 0 512 512\" xmlns=\"http:\/\/www.w3.org\/2000\/svg\"><path d=\"M464 256h-80v-64c0-35.3 28.7-64 64-64h8c13.3 0 24-10.7 24-24V56c0-13.3-10.7-24-24-24h-8c-88.4 0-160 71.6-160 160v240c0 26.5 21.5 48 48 48h128c26.5 0 48-21.5 48-48V304c0-26.5-21.5-48-48-48zm-288 0H96v-64c0-35.3 28.7-64 64-64h8c13.3 0 24-10.7 24-24V56c0-13.3-10.7-24-24-24h-8C71.6 32 0 103.6 0 192v240c0 26.5 21.5 48 48 48h128c26.5 0 48-21.5 48-48V304c0-26.5-21.5-48-48-48z\"><\/path><\/svg>\t\t\t<\/div>\n\t\t<\/div>\n\t\t\t\t\t\t<\/div>\n\t\t\t\t\t<\/div>\n\t\t<\/div>\n\t\t\t\t<div class=\" elementor-column elementor-col-25 elementor-inner-column elementor-element elementor-element-76608b3 elementor-invisible\" data-fullscreen-column-settings=\"{&quot;fullscreen&quot;:&quot;&quot;}\" data-id=\"76608b3\" data-element_type=\"column\" data-e-type=\"column\" data-settings=\"{&quot;animation&quot;:&quot;fadeIn&quot;,&quot;animation_delay&quot;:400}\">\n\t\t\t<div class=\"elementor-widget-wrap elementor-element-populated\">\n\t\t\t\t\t\t<div class=\"elementor-element elementor-element-95cd114 elementor-widget elementor-widget-litho-heading\" data-id=\"95cd114\" data-element_type=\"widget\" data-e-type=\"widget\" data-widget_type=\"litho-heading.default\">\n\t\t\t\t<div class=\"elementor-widget-container\">\n\t\t\t\t\t<h6 class=\"litho-heading elementor-size-default\"><span class=\"litho-primary-title\">End\u00fcstrinin temeli olan D\u00f6k\u00fcmc\u00fcl\u00fck \"Maden ve Ala\u015f\u0131mlar\u0131 ergitip, kal\u0131plara d\u00f6kerek istenen \u015fekli vermektir\" diye tan\u0131mlan\u0131r.     <\/span><\/h6>\t\t\t\t<\/div>\n\t\t\t\t<\/div>\n\t\t\t\t\t<\/div>\n\t\t<\/div>\n\t\t\t\t<div class=\" elementor-column elementor-col-25 elementor-inner-column elementor-element elementor-element-f356802 elementor-hidden-phone\" data-fullscreen-column-settings=\"{&quot;fullscreen&quot;:&quot;&quot;}\" data-id=\"f356802\" data-element_type=\"column\" data-e-type=\"column\">\n\t\t\t<div class=\"elementor-widget-wrap\">\n\t\t\t\t\t\t\t<\/div>\n\t\t<\/div>\n\t\t\t\t\t<\/div>\n\t\t<\/section>\n\t\t\t\t\t<\/div>\n\t\t<\/div>\n\t\t\t\t\t<\/div>\n\t\t<\/section>\n\t\t\t\t<section class=\"elementor-section elementor-top-section elementor-element elementor-element-4af4266 elementor-section-boxed elementor-section-height-default elementor-section-height-default\" data-id=\"4af4266\" data-element_type=\"section\" data-e-type=\"section\">\n\t\t\t\t\t\t<div class=\"elementor-container elementor-column-gap-default\">\n\t\t\t\t\t<div class=\" elementor-column elementor-col-100 elementor-top-column elementor-element elementor-element-879cbaa\" data-fullscreen-column-settings=\"{&quot;fullscreen&quot;:&quot;&quot;}\" data-id=\"879cbaa\" data-element_type=\"column\" data-e-type=\"column\">\n\t\t\t<div class=\"elementor-widget-wrap elementor-element-populated\">\n\t\t\t\t\t\t<div class=\"elementor-element elementor-element-f5b4507 elementor-drop-cap-yes elementor-drop-cap-view-framed elementor-widget elementor-widget-text-editor\" data-id=\"f5b4507\" data-element_type=\"widget\" data-e-type=\"widget\" data-settings=\"{&quot;drop_cap&quot;:&quot;yes&quot;}\" data-widget_type=\"text-editor.default\">\n\t\t\t\t\t\t\t\t\t<p>D\u00f6k\u00fcmc\u00fcl\u00fck \u00fclkemizin ve d\u00fcnya \u00fclkelerinin a\u011f\u0131r sanayi kolunu te\u015fkil eder. Do\u011fada bulunan maden filizleri \u00e7\u0131kar\u0131ld\u0131ktan sonra, \u00e7e\u015fitli y\u00f6ntemlerle ergitilerek hammadde haline getirilir. Hammadde daha sonra ama\u00e7lar\u0131na g\u00f6re kurulmu\u015f k\u00fc\u00e7\u00fckl\u00fc, b\u00fcy\u00fckl\u00fc d\u00f6k\u00fcm at\u00f6lye ve fabrikalar\u0131nda di\u011fer maden ve ala\u015f\u0131mlarla kar\u0131\u015ft\u0131r\u0131larak ergitilir. Ergitilmi\u015f bu ala\u015f\u0131m \u00e7e\u015fitli makineler ve yedek par\u00e7alar\u0131n d\u00f6k\u00fcm\u00fcnde kullan\u0131l\u0131r.\u00a0<\/p><p>End\u00fcstrisi geli\u015fmi\u015f ve g\u00fc\u00e7lenmi\u015f \u00fclkelerin sanayisi incelendi\u011finde d\u00f6k\u00fcm end\u00fcstrisinin geli\u015fmi\u015f oldu\u011fu g\u00f6r\u00fcl\u00fcr. D\u00f6k\u00fcmc\u00fcl\u00fckte her bir b\u00f6l\u00fcm ayr\u0131 bir uzmanl\u0131k gerektirmektedir.<\/p><p>Bu alanda e\u011fitim g\u00f6ren \u00f6\u011frenciler; kum haz\u0131rlama, kal\u0131p yapma, ma\u00e7a yap\u0131m\u0131, ergitme ocaklar\u0131n\u0131 \u00e7al\u0131\u015ft\u0131rma bak\u0131m ve onar\u0131m\u0131n\u0131 yapma, maden ergitme ve d\u00f6k\u00fcm\u00fc, d\u00f6k\u00fclen i\u015fleri temizleme, kalite kontrol ve laboratuvar i\u015flemleri ile ilgili yeterlilikleri kazanmaktad\u0131r.\u00a0\u00a0\u00a0\u00a0<\/p><p>Bu alanda e\u011fitim g\u00f6ren \u00f6\u011frenciler kendi i\u015f yerlerini a\u00e7abildikleri gibi d\u00f6k\u00fcm end\u00fcstrisini ilgilendiren dallarda geni\u015f istihdam imkan\u0131na sahiptirler.<\/p>\t\t\t\t\t\t\t\t<\/div>\n\t\t\t\t<div class=\"elementor-element elementor-element-008524e elementor-widget-divider--view-line elementor-widget elementor-widget-divider\" data-id=\"008524e\" data-element_type=\"widget\" data-e-type=\"widget\" data-widget_type=\"divider.default\">\n\t\t\t\t\t\t\t<div class=\"elementor-divider\">\n\t\t\t<span class=\"elementor-divider-separator\">\n\t\t\t\t\t\t<\/span>\n\t\t<\/div>\n\t\t\t\t\t\t<\/div>\n\t\t\t\t\t<\/div>\n\t\t<\/div>\n\t\t\t\t\t<\/div>\n\t\t<\/section>\n\t\t\t\t<section class=\"elementor-section elementor-top-section elementor-element elementor-element-f75690b elementor-section-full_width elementor-section-height-default elementor-section-height-default elementor-invisible\" data-id=\"f75690b\" data-element_type=\"section\" data-e-type=\"section\" data-settings=\"{&quot;animation&quot;:&quot;fadeIn&quot;}\">\n\t\t\t\t\t\t<div class=\"elementor-container elementor-column-gap-default\">\n\t\t\t\t\t<div class=\" elementor-column elementor-col-100 elementor-top-column elementor-element elementor-element-dca3a90\" data-fullscreen-column-settings=\"{&quot;fullscreen&quot;:&quot;&quot;}\" data-id=\"dca3a90\" data-element_type=\"column\" data-e-type=\"column\">\n\t\t\t<div class=\"elementor-widget-wrap elementor-element-populated\">\n\t\t\t\t\t\t<div class=\"elementor-element elementor-element-3287323 elementor-widget elementor-widget-litho-heading\" data-id=\"3287323\" data-element_type=\"widget\" data-e-type=\"widget\" data-widget_type=\"litho-heading.default\">\n\t\t\t\t<div class=\"elementor-widget-container\">\n\t\t\t\t\t<span class=\"litho-heading elementor-size-default\"><span class=\"litho-primary-title\">A\u00e7\u0131lacak Kurslar\n<\/span><\/span>\t\t\t\t<\/div>\n\t\t\t\t<\/div>\n\t\t\t\t<section class=\"elementor-section elementor-inner-section elementor-element elementor-element-ca067c4 elementor-section-height-min-height elementor-section-boxed elementor-section-height-default\" data-id=\"ca067c4\" data-element_type=\"section\" data-e-type=\"section\">\n\t\t\t\t\t\t<div class=\"elementor-container elementor-column-gap-default\">\n\t\t\t\t\t<div class=\" elementor-column elementor-col-50 elementor-inner-column elementor-element elementor-element-3efff18\" data-fullscreen-column-settings=\"{&quot;fullscreen&quot;:&quot;&quot;}\" data-id=\"3efff18\" data-element_type=\"column\" data-e-type=\"column\">\n\t\t\t<div class=\"elementor-widget-wrap elementor-element-populated\">\n\t\t\t\t\t\t<div class=\"elementor-element elementor-element-3867779 elementor-widget elementor-widget-image\" data-id=\"3867779\" data-element_type=\"widget\" data-e-type=\"widget\" data-widget_type=\"image.default\">\n\t\t\t\t\t\t\t\t\t\t\t\t\t\t\t<img decoding=\"async\" width=\"1500\" height=\"1000\" src=\"http:\/\/meydeb.com\/wp-content\/uploads\/2022\/04\/4-Ko\u0308pru\u0308lu\u0308-Vinc\u0327-Operato\u0308ru\u0308-1.jpg\" class=\"attachment-full size-full wp-image-75863\" alt=\"\" srcset=\"http:\/\/meydeb.com\/wp-content\/uploads\/2022\/04\/4-Ko\u0308pru\u0308lu\u0308-Vinc\u0327-Operato\u0308ru\u0308-1.jpg 1500w, http:\/\/meydeb.com\/wp-content\/uploads\/2022\/04\/4-Ko\u0308pru\u0308lu\u0308-Vinc\u0327-Operato\u0308ru\u0308-1-300x200.jpg 300w, http:\/\/meydeb.com\/wp-content\/uploads\/2022\/04\/4-Ko\u0308pru\u0308lu\u0308-Vinc\u0327-Operato\u0308ru\u0308-1-1024x683.jpg 1024w, http:\/\/meydeb.com\/wp-content\/uploads\/2022\/04\/4-Ko\u0308pru\u0308lu\u0308-Vinc\u0327-Operato\u0308ru\u0308-1-768x512.jpg 768w, http:\/\/meydeb.com\/wp-content\/uploads\/2022\/04\/4-Ko\u0308pru\u0308lu\u0308-Vinc\u0327-Operato\u0308ru\u0308-1-200x133.jpg 200w\" sizes=\"(max-width: 1500px) 100vw, 1500px\" \/>\t\t\t\t\t\t\t\t\t\t\t\t\t\t\t<\/div>\n\t\t\t\t\t<\/div>\n\t\t<\/div>\n\t\t\t\t<div class=\" elementor-column elementor-col-50 elementor-inner-column elementor-element elementor-element-f2fa7de elementor-invisible\" data-fullscreen-column-settings=\"{&quot;fullscreen&quot;:&quot;&quot;}\" data-id=\"f2fa7de\" data-element_type=\"column\" data-e-type=\"column\" data-settings=\"{&quot;animation&quot;:&quot;fadeInUp&quot;}\">\n\t\t\t<div class=\"elementor-widget-wrap elementor-element-populated\">\n\t\t\t\t\t\t<div class=\"elementor-element elementor-element-a31bd8d elementor-icon-list--layout-traditional elementor-widget elementor-widget-litho-lists\" data-id=\"a31bd8d\" data-element_type=\"widget\" data-e-type=\"widget\" data-widget_type=\"litho-lists.default\">\n\t\t\t\t<div class=\"elementor-widget-container\">\n\t\t\t\t\t\t\t\t<ul class=\"elementor-icon-list-items\">\n\t\t\t\t\t\t\t\t\t<li class=\"elementor-icon-list-item list-item\">\n\t\t\t\t\t\t\t\t\t\t\t\t\t<span class=\"elementor-icon-list-icon\">\n\t\t\t\t\t\t\t\t<i aria-hidden=\"true\" class=\" icon-feather-arrow-right-circle\"><\/i>\t\t\t\t\t\t\t<\/span>\n\t\t\t\t\t\t\t\t\t\t\t\t<span class=\"elementor-icon-list-text\">K\u00f6pr\u00fcl\u00fc Vin\u00e7 Operat\u00f6r\u00fc<\/span>\n\t\t\t\t\t\t\t\t\t\t\t<\/li>\n\t\t\t\t\t\t\t\t\t\t<li class=\"elementor-icon-list-item list-item\">\n\t\t\t\t\t\t\t\t\t\t\t\t\t<span class=\"elementor-icon-list-icon\">\n\t\t\t\t\t\t\t\t<i aria-hidden=\"true\" class=\" icon-feather-arrow-right-circle\"><\/i>\t\t\t\t\t\t\t<\/span>\n\t\t\t\t\t\t\t\t\t\t\t\t<span class=\"elementor-icon-list-text\">Metal Enjeksiyon<\/span>\n\t\t\t\t\t\t\t\t\t\t\t<\/li>\n\t\t\t\t\t\t\t\t\t\t<li class=\"elementor-icon-list-item list-item\">\n\t\t\t\t\t\t\t\t\t\t\t\t\t<span class=\"elementor-icon-list-icon\">\n\t\t\t\t\t\t\t\t<i aria-hidden=\"true\" class=\" icon-feather-arrow-right-circle\"><\/i>\t\t\t\t\t\t\t<\/span>\n\t\t\t\t\t\t\t\t\t\t\t\t<span class=\"elementor-icon-list-text\">Temel D\u00f6k\u00fcmc\u00fcl\u00fck<\/span>\n\t\t\t\t\t\t\t\t\t\t\t<\/li>\n\t\t\t\t\t\t\t\t<\/ul>\n\t\t\t\t\t\t\t<\/div>\n\t\t\t\t<\/div>\n\t\t\t\t\t<\/div>\n\t\t<\/div>\n\t\t\t\t\t<\/div>\n\t\t<\/section>\n\t\t\t\t\t<\/div>\n\t\t<\/div>\n\t\t\t\t\t<\/div>\n\t\t<\/section>\n\t\t\t\t<section data-parallax-section-settings=\"{&quot;parallax_ratio&quot;:0.2,&quot;parallax&quot;:&quot;parallax&quot;}\" class=\"elementor-section elementor-top-section elementor-element elementor-element-af44fcd elementor-section-content-middle elementor-section-boxed elementor-section-height-default elementor-section-height-default\" data-id=\"af44fcd\" data-element_type=\"section\" data-e-type=\"section\" data-settings=\"{&quot;background_background&quot;:&quot;classic&quot;}\">\n\t\t\t\t\t\t\t<div class=\"elementor-background-overlay\"><\/div>\n\t\t\t\t\t\t\t<div class=\"elementor-container elementor-column-gap-default\">\n\t\t\t\t\t<div class=\" elementor-column elementor-col-33 elementor-top-column elementor-element elementor-element-1f7f78d\" data-fullscreen-column-settings=\"{&quot;fullscreen&quot;:&quot;&quot;}\" data-id=\"1f7f78d\" data-element_type=\"column\" data-e-type=\"column\">\n\t\t\t<div class=\"elementor-widget-wrap elementor-element-populated\">\n\t\t\t\t\t\t<div class=\"elementor-element elementor-element-ed7931e elementor-widget elementor-widget-litho-heading\" data-id=\"ed7931e\" data-element_type=\"widget\" data-e-type=\"widget\" data-widget_type=\"litho-heading.default\">\n\t\t\t\t<div class=\"elementor-widget-container\">\n\t\t\t\t\t<h4 class=\"litho-heading elementor-size-default\"><span class=\"litho-primary-title\">Mesleki Kurs ve <br> MYK S\u0131nav Ba\u015fvuru Formu<\/span><\/h4>\t\t\t\t<\/div>\n\t\t\t\t<\/div>\n\t\t\t\t\t<\/div>\n\t\t<\/div>\n\t\t\t\t<div class=\" elementor-column elementor-col-33 elementor-top-column elementor-element elementor-element-eddf243\" data-fullscreen-column-settings=\"{&quot;fullscreen&quot;:&quot;&quot;}\" data-id=\"eddf243\" data-element_type=\"column\" data-e-type=\"column\">\n\t\t\t<div class=\"elementor-widget-wrap elementor-element-populated\">\n\t\t\t\t\t\t<div class=\"elementor-element elementor-element-c6a49f8 elementor-mobile-align-center elementor-align-center elementor-widget elementor-widget-litho-button\" data-id=\"c6a49f8\" data-element_type=\"widget\" data-e-type=\"widget\" data-widget_type=\"litho-button.default\">\n\t\t\t\t<div class=\"elementor-widget-container\">\n\t\t\t\t\t\t\t\t\t<div class=\"elementor-button-wrapper litho-button-wrapper\">\n\t\t\t\t\t<a class=\"elementor-button-link elementor-button elementor-size-xl hvr-btn-slide-right-bg btn-custom-effect\" href=\"http:\/\/meydeb.com\/mesleki-basvuru-formu\/\" role=\"button\">\n\t\t\t\t\t\t\t\t\t<span class=\"elementor-button-content-wrapper\">\n\t\t\t\t\t\t\t\t\t\t\t\t\t<span class=\"elementor-button-text\">MESLEK\u0130 KURS BA\u015eVURUSU<\/span>\n\t\t\t\t\t\t\t<\/span>\n\t\t\t\t\t\t\t\t<\/a>\n\t\t\t\t<\/div>\n\t\t\t\t\t\t\t<\/div>\n\t\t\t\t<\/div>\n\t\t\t\t\t<\/div>\n\t\t<\/div>\n\t\t\t\t<div class=\" elementor-column elementor-col-33 elementor-top-column elementor-element elementor-element-1292ec7\" data-fullscreen-column-settings=\"{&quot;fullscreen&quot;:&quot;&quot;}\" data-id=\"1292ec7\" data-element_type=\"column\" data-e-type=\"column\">\n\t\t\t<div class=\"elementor-widget-wrap elementor-element-populated\">\n\t\t\t\t\t\t<div class=\"elementor-element elementor-element-d208b40 elementor-mobile-align-center elementor-align-left elementor-widget elementor-widget-litho-button\" data-id=\"d208b40\" data-element_type=\"widget\" data-e-type=\"widget\" data-widget_type=\"litho-button.default\">\n\t\t\t\t<div class=\"elementor-widget-container\">\n\t\t\t\t\t\t\t\t\t<div class=\"elementor-button-wrapper litho-button-wrapper\">\n\t\t\t\t\t<a class=\"elementor-button-link elementor-button elementor-size-xl hvr-btn-slide-right-bg btn-custom-effect\" href=\"http:\/\/meydeb.com\/myk-sinav-basvuru-formu\/\" role=\"button\">\n\t\t\t\t\t\t\t\t\t<span class=\"elementor-button-content-wrapper\">\n\t\t\t\t\t\t\t\t\t\t\t\t\t<span class=\"elementor-button-text\">MYK SINAV BA\u015eVURUSU<\/span>\n\t\t\t\t\t\t\t<\/span>\n\t\t\t\t\t\t\t\t<\/a>\n\t\t\t\t<\/div>\n\t\t\t\t\t\t\t<\/div>\n\t\t\t\t<\/div>\n\t\t\t\t\t<\/div>\n\t\t<\/div>\n\t\t\t\t\t<\/div>\n\t\t<\/section>\n\t\t\t\t<section class=\"elementor-section elementor-top-section elementor-element elementor-element-ddbfd0e elementor-section-boxed elementor-section-height-default elementor-section-height-default elementor-invisible\" data-id=\"ddbfd0e\" data-element_type=\"section\" data-e-type=\"section\" data-settings=\"{&quot;background_background&quot;:&quot;classic&quot;,&quot;animation&quot;:&quot;fadeIn&quot;}\">\n\t\t\t\t\t\t<div class=\"elementor-container elementor-column-gap-default\">\n\t\t\t\t\t<div class=\" elementor-column elementor-col-50 elementor-top-column elementor-element elementor-element-4958a14 elementor-invisible\" data-fullscreen-column-settings=\"{&quot;fullscreen&quot;:&quot;&quot;}\" data-id=\"4958a14\" data-element_type=\"column\" data-e-type=\"column\" data-settings=\"{&quot;animation&quot;:&quot;fadeIn&quot;}\">\n\t\t\t<div class=\"elementor-widget-wrap elementor-element-populated\">\n\t\t\t\t\t\t<div class=\"elementor-element elementor-element-92f49e0 elementor-widget elementor-widget-litho-heading\" data-id=\"92f49e0\" data-element_type=\"widget\" data-e-type=\"widget\" data-widget_type=\"litho-heading.default\">\n\t\t\t\t<div class=\"elementor-widget-container\">\n\t\t\t\t\t<span class=\"litho-heading elementor-size-default\"><span class=\"litho-primary-title\">Mesleki Yeterlilik ve Demir Bilek Projesi<\/span><\/span>\t\t\t\t<\/div>\n\t\t\t\t<\/div>\n\t\t\t\t<div class=\"elementor-element elementor-element-f3ea7a5 elementor-widget elementor-widget-litho-heading\" data-id=\"f3ea7a5\" data-element_type=\"widget\" data-e-type=\"widget\" data-widget_type=\"litho-heading.default\">\n\t\t\t\t<div class=\"elementor-widget-container\">\n\t\t\t\t\t<h3 class=\"litho-heading elementor-size-default\"><span class=\"litho-primary-title\">MEY-DEB Projesi ile ilgili Sorular\u0131n\u0131z i\u00e7in<\/span><\/h3>\t\t\t\t<\/div>\n\t\t\t\t<\/div>\n\t\t\t\t<div class=\"elementor-element elementor-element-c0cfad4 elementor-widget__width-auto elementor-widget elementor-widget-litho-button\" data-id=\"c0cfad4\" data-element_type=\"widget\" data-e-type=\"widget\" data-widget_type=\"litho-button.default\">\n\t\t\t\t<div class=\"elementor-widget-container\">\n\t\t\t\t\t\t\t\t\t<div class=\"elementor-button-wrapper litho-button-wrapper\">\n\t\t\t\t\t<a class=\"elementor-button-link elementor-button elementor-size-xl hvr-btn-expand-ltr btn-custom-effect\" href=\"http:\/\/meydeb.com\/iletisim\/\" role=\"button\">\n\t\t\t\t\t\t\t\t\t<span class=\"elementor-button-content-wrapper\">\n\t\t\t\t\t\t\t\t\t\t\t\t\t<span class=\"elementor-button-text\">B\u0130ZE ULA\u015eIN.<\/span>\n\t\t\t\t\t\t\t<\/span>\n\t\t\t\t\t\t\t\t<\/a>\n\t\t\t\t<\/div>\n\t\t\t\t\t\t\t<\/div>\n\t\t\t\t<\/div>\n\t\t\t\t\t<\/div>\n\t\t<\/div>\n\t\t\t\t<div class=\" elementor-column elementor-col-50 elementor-top-column elementor-element elementor-element-239d062 elementor-hidden-tablet elementor-hidden-phone\" data-fullscreen-column-settings=\"{&quot;fullscreen&quot;:&quot;&quot;}\" data-id=\"239d062\" data-element_type=\"column\" data-e-type=\"column\">\n\t\t\t<div class=\"elementor-widget-wrap\">\n\t\t\t\t\t\t\t<\/div>\n\t\t<\/div>\n\t\t\t\t\t<\/div>\n\t\t<\/section>\n\t\t\t\t<\/div>\n\t\t","protected":false},"excerpt":{"rendered":"<p>End\u00fcstrinin temeli olan D\u00f6k\u00fcmc\u00fcl\u00fck &#8220;Maden ve Ala\u015f\u0131mlar\u0131 ergitip, kal\u0131plara d\u00f6kerek istenen \u015fekli vermektir&#8221; diye tan\u0131mlan\u0131r. D\u00f6k\u00fcmc\u00fcl\u00fck \u00fclkemizin ve d\u00fcnya \u00fclkelerinin a\u011f\u0131r sanayi kolunu te\u015fkil eder. Do\u011fada bulunan maden filizleri \u00e7\u0131kar\u0131ld\u0131ktan sonra, \u00e7e\u015fitli y\u00f6ntemlerle ergitilerek hammadde haline getirilir. Hammadde daha sonra ama\u00e7lar\u0131na g\u00f6re kurulmu\u015f k\u00fc\u00e7\u00fckl\u00fc, b\u00fcy\u00fckl\u00fc d\u00f6k\u00fcm at\u00f6lye ve fabrikalar\u0131nda di\u011fer maden ve ala\u015f\u0131mlarla kar\u0131\u015ft\u0131r\u0131larak ergitilir. [&hellip;]<\/p>\n","protected":false},"author":1,"featured_media":0,"parent":0,"menu_order":7,"comment_status":"closed","ping_status":"closed","template":"","meta":{"footnotes":""},"class_list":["post-85","page","type-page","status-publish","hentry"],"_links":{"self":[{"href":"http:\/\/meydeb.com\/index.php?rest_route=\/wp\/v2\/pages\/85","targetHints":{"allow":["GET"]}}],"collection":[{"href":"http:\/\/meydeb.com\/index.php?rest_route=\/wp\/v2\/pages"}],"about":[{"href":"http:\/\/meydeb.com\/index.php?rest_route=\/wp\/v2\/types\/page"}],"author":[{"embeddable":true,"href":"http:\/\/meydeb.com\/index.php?rest_route=\/wp\/v2\/users\/1"}],"replies":[{"embeddable":true,"href":"http:\/\/meydeb.com\/index.php?rest_route=%2Fwp%2Fv2%2Fcomments&post=85"}],"version-history":[{"count":27,"href":"http:\/\/meydeb.com\/index.php?rest_route=\/wp\/v2\/pages\/85\/revisions"}],"predecessor-version":[{"id":77632,"href":"http:\/\/meydeb.com\/index.php?rest_route=\/wp\/v2\/pages\/85\/revisions\/77632"}],"wp:attachment":[{"href":"http:\/\/meydeb.com\/index.php?rest_route=%2Fwp%2Fv2%2Fmedia&parent=85"}],"curies":[{"name":"wp","href":"https:\/\/api.w.org\/{rel}","templated":true}]}}