{"id":78323,"date":"2020-02-06T10:46:46","date_gmt":"2020-02-06T07:46:46","guid":{"rendered":"http:\/\/meydeb.com\/?page_id=78323"},"modified":"2022-06-12T17:33:25","modified_gmt":"2022-06-12T14:33:25","slug":"announcements","status":"publish","type":"page","link":"http:\/\/meydeb.com\/?page_id=78323&lang=en","title":{"rendered":"Announcements"},"content":{"rendered":"\t\t<div data-elementor-type=\"wp-page\" data-elementor-id=\"78323\" class=\"elementor elementor-78323\">\n\t\t\t\t\t\t<section class=\"elementor-section elementor-top-section elementor-element elementor-element-599eb31 elementor-section-full_width elementor-section-height-default elementor-section-height-default\" data-id=\"599eb31\" data-element_type=\"section\" data-e-type=\"section\" data-settings=\"{&quot;background_background&quot;:&quot;classic&quot;}\">\n\t\t\t\t\t\t<div class=\"elementor-container elementor-column-gap-default\">\n\t\t\t\t\t<div class=\" elementor-column elementor-col-100 elementor-top-column elementor-element elementor-element-987c724\" data-fullscreen-column-settings=\"{&quot;fullscreen&quot;:&quot;&quot;}\" data-id=\"987c724\" data-element_type=\"column\" data-e-type=\"column\">\n\t\t\t<div class=\"elementor-widget-wrap elementor-element-populated\">\n\t\t\t\t\t\t<div class=\"elementor-element elementor-element-af9459c elementor-widget elementor-widget-litho-blog-list\" data-id=\"af9459c\" data-element_type=\"widget\" data-e-type=\"widget\" data-settings=\"{&quot;litho_blog_style&quot;:&quot;blog-clean&quot;}\" data-widget_type=\"litho-blog-list.default\">\n\t\t\t\t<div class=\"elementor-widget-container\">\n\t\t\t\t\t\n\t\t\t\t<ul data-uniqueid=\"litho-blog-1\" class=\"grid blog-clean grid-4col lg-grid-3col md-grid-2col xs-grid-1col  litho-blog-1 litho-grid-no-order blog-grid\" data-blog-settings=\"{&quot;pagination_type&quot;:&quot;&quot;}\">\n\t\t\t\t\t\t\t\t\t\t\t\t\t\t\t\t\t<li class=\"grid-sizer d-none p-0 m-0\"><\/li>\n\t\t\t\t\t\t\t\t\t\t\t\t\t\t\t\t<li class=\"grid-item grid-gutter blog-filter-153 blog-filter-151 post-79103 post type-post status-publish format-standard has-post-thumbnail hentry category-duyurular category-haberler tag-kadem tag-mey-deb litho-animated elementor-invisible\" data-animation=\"fadeIn \" data-animation-delay=\"100\">\n\t\t\t\t\t\t\t\t\t\t<div class=\"text-center hvr-float-3px blog-post\"><div class=\"blog-post-images\">\n\t\t\t\t\t\t\t\t\t\t\t\t\t<a href=\"http:\/\/meydeb.com\/?p=79103\"><img fetchpriority=\"high\" decoding=\"async\" width=\"1280\" height=\"854\" src=\"http:\/\/meydeb.com\/wp-content\/uploads\/2024\/01\/edu.jpeg\" class=\"attachment-full size-full wp-post-image\" alt=\"\" srcset=\"http:\/\/meydeb.com\/wp-content\/uploads\/2024\/01\/edu.jpeg 1280w, http:\/\/meydeb.com\/wp-content\/uploads\/2024\/01\/edu-300x200.jpeg 300w, http:\/\/meydeb.com\/wp-content\/uploads\/2024\/01\/edu-1024x683.jpeg 1024w, http:\/\/meydeb.com\/wp-content\/uploads\/2024\/01\/edu-768x512.jpeg 768w, http:\/\/meydeb.com\/wp-content\/uploads\/2024\/01\/edu-200x133.jpeg 200w\" sizes=\"(max-width: 1280px) 100vw, 1280px\" \/><div class=\"elementor-icon\"><i aria-hidden=\"true\" class=\" icon-feather-arrow-right\"><\/i><\/div><\/a><\/div><div class=\"post-details\"><span class=\"post-date published\">30 Ocak 2024<\/span>\n\t\t\t\t\t\t\t\t\t\t\t\t\t<time class=\"updated d-none\" datetime=\"2024-01-30T19:45:54+03:00\">30 Ocak 2024<\/time><a class=\"entry-title\" href=\"http:\/\/meydeb.com\/?p=79103\">Kad\u0131nlara Y\u00f6nelik E\u011fitimlerimiz Ba\u015fl\u0131yor&#8230;<\/a><\/div><\/div>\n\t\t\t\t\t\t\t\t\t<\/li><li class=\"grid-item grid-gutter blog-filter-153 post-78302 post type-post status-publish format-standard has-post-thumbnail hentry category-duyurular litho-animated elementor-invisible\" data-animation=\"fadeIn \" data-animation-delay=\"200\">\n\t\t\t\t\t\t\t\t\t\t<div class=\"text-center hvr-float-3px blog-post\"><div class=\"blog-post-images\">\n\t\t\t\t\t\t\t\t\t\t\t\t\t<a href=\"http:\/\/meydeb.com\/?p=78302\"><img decoding=\"async\" width=\"1355\" height=\"903\" src=\"http:\/\/meydeb.com\/wp-content\/uploads\/2022\/06\/WhatsApp-Image-2022-06-07-at-13.30.13.jpeg\" class=\"attachment-full size-full wp-post-image\" alt=\"\" srcset=\"http:\/\/meydeb.com\/wp-content\/uploads\/2022\/06\/WhatsApp-Image-2022-06-07-at-13.30.13.jpeg 1355w, http:\/\/meydeb.com\/wp-content\/uploads\/2022\/06\/WhatsApp-Image-2022-06-07-at-13.30.13-300x200.jpeg 300w, http:\/\/meydeb.com\/wp-content\/uploads\/2022\/06\/WhatsApp-Image-2022-06-07-at-13.30.13-1024x682.jpeg 1024w, http:\/\/meydeb.com\/wp-content\/uploads\/2022\/06\/WhatsApp-Image-2022-06-07-at-13.30.13-768x512.jpeg 768w, http:\/\/meydeb.com\/wp-content\/uploads\/2022\/06\/WhatsApp-Image-2022-06-07-at-13.30.13-200x133.jpeg 200w\" sizes=\"(max-width: 1355px) 100vw, 1355px\" \/><div class=\"elementor-icon\"><i aria-hidden=\"true\" class=\" icon-feather-arrow-right\"><\/i><\/div><\/a><\/div><div class=\"post-details\"><span class=\"post-date published\">7 Haziran 2022<\/span>\n\t\t\t\t\t\t\t\t\t\t\t\t\t<time class=\"updated d-none\" datetime=\"2022-06-07T23:38:51+03:00\">7 Haziran 2022<\/time><a class=\"entry-title\" href=\"http:\/\/meydeb.com\/?p=78302\">MEY-DEB Proje A\u00e7\u0131l\u0131\u015f Toplant\u0131s\u0131<\/a><\/div><\/div>\n\t\t\t\t\t\t\t\t\t<\/li><\/ul>\t\t\t\t<\/div>\n\t\t\t\t<\/div>\n\t\t\t\t\t<\/div>\n\t\t<\/div>\n\t\t\t\t\t<\/div>\n\t\t<\/section>\n\t\t\t\t<section class=\"elementor-section elementor-top-section elementor-element elementor-element-9425f79 elementor-section-boxed elementor-section-height-default elementor-section-height-default elementor-invisible\" data-id=\"9425f79\" data-element_type=\"section\" data-e-type=\"section\" data-settings=\"{&quot;background_background&quot;:&quot;classic&quot;,&quot;animation&quot;:&quot;fadeIn&quot;}\">\n\t\t\t\t\t\t<div class=\"elementor-container elementor-column-gap-default\">\n\t\t\t\t\t<div class=\" elementor-column elementor-col-50 elementor-top-column elementor-element elementor-element-4954d97 elementor-invisible\" data-fullscreen-column-settings=\"{&quot;fullscreen&quot;:&quot;&quot;}\" data-id=\"4954d97\" data-element_type=\"column\" data-e-type=\"column\" data-settings=\"{&quot;animation&quot;:&quot;fadeIn&quot;}\">\n\t\t\t<div class=\"elementor-widget-wrap elementor-element-populated\">\n\t\t\t\t\t\t<div class=\"elementor-element elementor-element-038ab5b elementor-widget elementor-widget-litho-heading\" data-id=\"038ab5b\" data-element_type=\"widget\" data-e-type=\"widget\" data-widget_type=\"litho-heading.default\">\n\t\t\t\t<div class=\"elementor-widget-container\">\n\t\t\t\t\t<span class=\"litho-heading elementor-size-default\"><span class=\"litho-primary-title\">Mesleki Yeterlilik ve Demir Bilek Project<\/span><\/span>\t\t\t\t<\/div>\n\t\t\t\t<\/div>\n\t\t\t\t<div class=\"elementor-element elementor-element-ba4529e elementor-widget elementor-widget-litho-heading\" data-id=\"ba4529e\" data-element_type=\"widget\" data-e-type=\"widget\" data-widget_type=\"litho-heading.default\">\n\t\t\t\t<div class=\"elementor-widget-container\">\n\t\t\t\t\t<h3 class=\"litho-heading elementor-size-default\"><span class=\"litho-primary-title\">For Your Questions On MEY-DEB Project<\/span><\/h3>\t\t\t\t<\/div>\n\t\t\t\t<\/div>\n\t\t\t\t<div class=\"elementor-element elementor-element-0852d3a elementor-widget__width-auto elementor-widget elementor-widget-litho-button\" data-id=\"0852d3a\" data-element_type=\"widget\" data-e-type=\"widget\" data-widget_type=\"litho-button.default\">\n\t\t\t\t<div class=\"elementor-widget-container\">\n\t\t\t\t\t\t\t\t\t<div class=\"elementor-button-wrapper litho-button-wrapper\">\n\t\t\t\t\t<a class=\"elementor-button-link elementor-button elementor-size-xl hvr-btn-expand-ltr btn-custom-effect\" href=\"http:\/\/meydeb.com\/en\/contact-us\/\" role=\"button\">\n\t\t\t\t\t\t\t\t\t<span class=\"elementor-button-content-wrapper\">\n\t\t\t\t\t\t\t\t\t\t\t\t\t<span class=\"elementor-button-text\">CONTACT US<\/span>\n\t\t\t\t\t\t\t<\/span>\n\t\t\t\t\t\t\t\t<\/a>\n\t\t\t\t<\/div>\n\t\t\t\t\t\t\t<\/div>\n\t\t\t\t<\/div>\n\t\t\t\t\t<\/div>\n\t\t<\/div>\n\t\t\t\t<div class=\" elementor-column elementor-col-50 elementor-top-column elementor-element elementor-element-aee00c1 elementor-hidden-tablet elementor-hidden-phone\" data-fullscreen-column-settings=\"{&quot;fullscreen&quot;:&quot;&quot;}\" data-id=\"aee00c1\" data-element_type=\"column\" data-e-type=\"column\">\n\t\t\t<div class=\"elementor-widget-wrap\">\n\t\t\t\t\t\t\t<\/div>\n\t\t<\/div>\n\t\t\t\t\t<\/div>\n\t\t<\/section>\n\t\t\t\t<\/div>\n\t\t","protected":false},"excerpt":{"rendered":"<p>7 June 2022 7 June 2022MEY-DEB Project Opening Meeting Mesleki Yeterlilik ve Demir Bilek Project For Your Questions On MEY-DEB Project CONTACT US<\/p>\n","protected":false},"author":1,"featured_media":0,"parent":0,"menu_order":30,"comment_status":"closed","ping_status":"closed","template":"","meta":{"footnotes":""},"class_list":["post-78323","page","type-page","status-publish","hentry"],"_links":{"self":[{"href":"http:\/\/meydeb.com\/index.php?rest_route=\/wp\/v2\/pages\/78323","targetHints":{"allow":["GET"]}}],"collection":[{"href":"http:\/\/meydeb.com\/index.php?rest_route=\/wp\/v2\/pages"}],"about":[{"href":"http:\/\/meydeb.com\/index.php?rest_route=\/wp\/v2\/types\/page"}],"author":[{"embeddable":true,"href":"http:\/\/meydeb.com\/index.php?rest_route=\/wp\/v2\/users\/1"}],"replies":[{"embeddable":true,"href":"http:\/\/meydeb.com\/index.php?rest_route=%2Fwp%2Fv2%2Fcomments&post=78323"}],"version-history":[{"count":10,"href":"http:\/\/meydeb.com\/index.php?rest_route=\/wp\/v2\/pages\/78323\/revisions"}],"predecessor-version":[{"id":78457,"href":"http:\/\/meydeb.com\/index.php?rest_route=\/wp\/v2\/pages\/78323\/revisions\/78457"}],"wp:attachment":[{"href":"http:\/\/meydeb.com\/index.php?rest_route=%2Fwp%2Fv2%2Fmedia&parent=78323"}],"curies":[{"name":"wp","href":"https:\/\/api.w.org\/{rel}","templated":true}]}}