{"id":78014,"date":"2022-05-27T21:29:30","date_gmt":"2022-05-27T18:29:30","guid":{"rendered":"http:\/\/meydeb.com\/?page_id=78014"},"modified":"2024-02-04T22:08:24","modified_gmt":"2024-02-04T19:08:24","slug":"kadem-trainings-application-form","status":"publish","type":"page","link":"http:\/\/meydeb.com\/?page_id=78014&lang=en","title":{"rendered":"KADEM Training Application Form"},"content":{"rendered":"\t\t<div data-elementor-type=\"wp-page\" data-elementor-id=\"78014\" class=\"elementor elementor-78014\">\n\t\t\t\t\t\t<div class=\"elementor-section elementor-top-section elementor-element elementor-element-b0f91e4 elementor-section-boxed elementor-section-height-default elementor-section-height-default\" data-id=\"b0f91e4\" data-element_type=\"section\" data-e-type=\"section\">\n\t\t\t\t\t\t<div class=\"elementor-container elementor-column-gap-default\">\n\t\t\t\t\t<div class=\" elementor-column elementor-col-50 elementor-top-column elementor-element elementor-element-3281887\" data-fullscreen-column-settings=\"{&quot;fullscreen&quot;:&quot;&quot;}\" data-id=\"3281887\" data-element_type=\"column\" data-e-type=\"column\">\n\t\t\t<div class=\"elementor-widget-wrap elementor-element-populated\">\n\t\t\t\t\t\t<div class=\"elementor-element elementor-element-bdb39c7 elementor-widget elementor-widget-image\" data-id=\"bdb39c7\" data-element_type=\"widget\" data-e-type=\"widget\" data-widget_type=\"image.default\">\n\t\t\t\t\t\t\t\t\t\t\t\t\t\t\t<img fetchpriority=\"high\" decoding=\"async\" width=\"1495\" height=\"1404\" src=\"http:\/\/meydeb.com\/wp-content\/uploads\/2022\/04\/DB_Logo-v2.png\" class=\"attachment-full size-full wp-image-76099\" alt=\"\" srcset=\"http:\/\/meydeb.com\/wp-content\/uploads\/2022\/04\/DB_Logo-v2.png 1495w, http:\/\/meydeb.com\/wp-content\/uploads\/2022\/04\/DB_Logo-v2-300x282.png 300w, http:\/\/meydeb.com\/wp-content\/uploads\/2022\/04\/DB_Logo-v2-1024x962.png 1024w, http:\/\/meydeb.com\/wp-content\/uploads\/2022\/04\/DB_Logo-v2-768x721.png 768w, http:\/\/meydeb.com\/wp-content\/uploads\/2022\/04\/DB_Logo-v2-200x188.png 200w\" sizes=\"(max-width: 1495px) 100vw, 1495px\" \/>\t\t\t\t\t\t\t\t\t\t\t\t\t\t\t<\/div>\n\t\t\t\t\t<\/div>\n\t\t<\/div>\n\t\t\t\t<div class=\" elementor-column elementor-col-50 elementor-top-column elementor-element elementor-element-e51918d\" data-fullscreen-column-settings=\"{&quot;fullscreen&quot;:&quot;&quot;}\" data-id=\"e51918d\" data-element_type=\"column\" data-e-type=\"column\">\n\t\t\t<div class=\"elementor-widget-wrap elementor-element-populated\">\n\t\t\t\t\t\t<div class=\"elementor-element elementor-element-439e3a3 elementor-widget elementor-widget-image\" data-id=\"439e3a3\" data-element_type=\"widget\" data-e-type=\"widget\" data-widget_type=\"image.default\">\n\t\t\t\t\t\t\t\t\t\t\t\t\t\t\t<img decoding=\"async\" width=\"1243\" height=\"250\" src=\"http:\/\/meydeb.com\/wp-content\/uploads\/2022\/06\/KADEM_Logo_Orjinal.png\" class=\"attachment-full size-full wp-image-78447\" alt=\"\" srcset=\"http:\/\/meydeb.com\/wp-content\/uploads\/2022\/06\/KADEM_Logo_Orjinal.png 1243w, http:\/\/meydeb.com\/wp-content\/uploads\/2022\/06\/KADEM_Logo_Orjinal-300x60.png 300w, http:\/\/meydeb.com\/wp-content\/uploads\/2022\/06\/KADEM_Logo_Orjinal-1024x206.png 1024w, http:\/\/meydeb.com\/wp-content\/uploads\/2022\/06\/KADEM_Logo_Orjinal-768x154.png 768w, http:\/\/meydeb.com\/wp-content\/uploads\/2022\/06\/KADEM_Logo_Orjinal-200x40.png 200w\" sizes=\"(max-width: 1243px) 100vw, 1243px\" \/>\t\t\t\t\t\t\t\t\t\t\t\t\t\t\t<\/div>\n\t\t\t\t\t<\/div>\n\t\t<\/div>\n\t\t\t\t\t<\/div>\n\t\t<\/div>\n\t\t\t\t<section class=\"elementor-section elementor-top-section elementor-element elementor-element-e580e39 elementor-section-boxed elementor-section-height-default elementor-section-height-default\" data-id=\"e580e39\" data-element_type=\"section\" data-e-type=\"section\">\n\t\t\t\t\t\t<div class=\"elementor-container elementor-column-gap-default\">\n\t\t\t\t\t<div class=\" elementor-column elementor-col-100 elementor-top-column elementor-element elementor-element-f4eab50\" data-fullscreen-column-settings=\"{&quot;fullscreen&quot;:&quot;&quot;}\" data-id=\"f4eab50\" data-element_type=\"column\" data-e-type=\"column\">\n\t\t\t<div class=\"elementor-widget-wrap elementor-element-populated\">\n\t\t\t\t\t\t<div class=\"elementor-element elementor-element-134c960 e-transform elementor-widget elementor-widget-wpforms\" data-id=\"134c960\" data-element_type=\"widget\" data-e-type=\"widget\" data-settings=\"{&quot;_transform_translateX_effect_tablet&quot;:{&quot;unit&quot;:&quot;px&quot;,&quot;size&quot;:130,&quot;sizes&quot;:[]},&quot;_transform_translateX_effect_mobile&quot;:{&quot;unit&quot;:&quot;px&quot;,&quot;size&quot;:0,&quot;sizes&quot;:[]},&quot;_transform_translateX_effect&quot;:{&quot;unit&quot;:&quot;px&quot;,&quot;size&quot;:&quot;&quot;,&quot;sizes&quot;:[]},&quot;_transform_translateY_effect&quot;:{&quot;unit&quot;:&quot;px&quot;,&quot;size&quot;:&quot;&quot;,&quot;sizes&quot;:[]},&quot;_transform_translateY_effect_tablet&quot;:{&quot;unit&quot;:&quot;px&quot;,&quot;size&quot;:&quot;&quot;,&quot;sizes&quot;:[]},&quot;_transform_translateY_effect_mobile&quot;:{&quot;unit&quot;:&quot;px&quot;,&quot;size&quot;:&quot;&quot;,&quot;sizes&quot;:[]}}\" data-widget_type=\"wpforms.default\">\n\t\t\t\t<div class=\"elementor-widget-container\">\n\t\t\t\t\t<div class=\"wpforms-container wpforms-container-full\" id=\"wpforms-78001\"><form id=\"wpforms-form-78001\" class=\"wpforms-validate wpforms-form\" data-formid=\"78001\" method=\"post\" enctype=\"multipart\/form-data\" action=\"\/index.php?rest_route=%2Fwp%2Fv2%2Fpages%2F78014\" data-token=\"3586b1891e4825192cd4605b82416d1b\"><noscript class=\"wpforms-error-noscript\">Bu formu bitirebilmek i\u00e7in taray\u0131c\u0131n\u0131zda JavaScript&#039;i etkinle\u015ftirin.<\/noscript><div class=\"wpforms-field-container\"><div id=\"wpforms-78001-field_10-container\" class=\"wpforms-field wpforms-field-text\" data-field-id=\"10\"><label class=\"wpforms-field-label\" for=\"wpforms-78001-field_10\">TR Identity Number <span class=\"wpforms-required-label\">*<\/span><\/label><input type=\"text\" id=\"wpforms-78001-field_10\" class=\"wpforms-field-medium wpforms-field-required wpforms-masked-input\" data-inputmask-mask=\"99999999999\" data-rule-empty-blanks=\"1\" name=\"wpforms[fields][10]\" required><\/div><div id=\"wpforms-78001-field_5-container\" class=\"wpforms-field wpforms-field-text\" data-field-id=\"5\"><label class=\"wpforms-field-label\" for=\"wpforms-78001-field_5\">Name <span class=\"wpforms-required-label\">*<\/span><\/label><input type=\"text\" id=\"wpforms-78001-field_5\" class=\"wpforms-field-medium wpforms-field-required\" name=\"wpforms[fields][5]\" required><\/div><div id=\"wpforms-78001-field_6-container\" class=\"wpforms-field wpforms-field-text\" data-field-id=\"6\"><label class=\"wpforms-field-label\" for=\"wpforms-78001-field_6\">Surname <span class=\"wpforms-required-label\">*<\/span><\/label><input type=\"text\" id=\"wpforms-78001-field_6\" class=\"wpforms-field-medium wpforms-field-required\" name=\"wpforms[fields][6]\" required><\/div><div id=\"wpforms-78001-field_1-container\" class=\"wpforms-field wpforms-field-date-time\" data-field-id=\"1\"><label class=\"wpforms-field-label\" for=\"wpforms-78001-field_1\">Date of birth <span class=\"wpforms-required-label\">*<\/span><\/label><select name=\"wpforms[fields][1][date][d]\" id=\"wpforms-field_1-day\" class=\"wpforms-field-date-time-date-day wpforms-field-required\"  required><option value=\"\" class=\"placeholder\" selected disabled>GG<\/option><option value=\"1\" >1<\/option><option value=\"2\" >2<\/option><option value=\"3\" >3<\/option><option value=\"4\" >4<\/option><option value=\"5\" >5<\/option><option value=\"6\" >6<\/option><option value=\"7\" >7<\/option><option value=\"8\" >8<\/option><option value=\"9\" >9<\/option><option value=\"10\" >10<\/option><option value=\"11\" >11<\/option><option value=\"12\" >12<\/option><option value=\"13\" >13<\/option><option value=\"14\" >14<\/option><option value=\"15\" >15<\/option><option value=\"16\" >16<\/option><option value=\"17\" >17<\/option><option value=\"18\" >18<\/option><option value=\"19\" >19<\/option><option value=\"20\" >20<\/option><option value=\"21\" >21<\/option><option value=\"22\" >22<\/option><option value=\"23\" >23<\/option><option value=\"24\" >24<\/option><option value=\"25\" >25<\/option><option value=\"26\" >26<\/option><option value=\"27\" >27<\/option><option value=\"28\" >28<\/option><option value=\"29\" >29<\/option><option value=\"30\" >30<\/option><option value=\"31\" >31<\/option><\/select><span class=\"wpforms-field-date-time-date-sep\">\/<\/span><select name=\"wpforms[fields][1][date][m]\" id=\"wpforms-field_1-month\" class=\"wpforms-field-date-time-date-month wpforms-field-required\"  required><option value=\"\" class=\"placeholder\" selected disabled>AA<\/option><option value=\"1\" >1<\/option><option value=\"2\" >2<\/option><option value=\"3\" >3<\/option><option value=\"4\" >4<\/option><option value=\"5\" >5<\/option><option value=\"6\" >6<\/option><option value=\"7\" >7<\/option><option value=\"8\" >8<\/option><option value=\"9\" >9<\/option><option value=\"10\" >10<\/option><option value=\"11\" >11<\/option><option value=\"12\" >12<\/option><\/select><span class=\"wpforms-field-date-time-date-sep\">\/<\/span><select name=\"wpforms[fields][1][date][y]\" id=\"wpforms-field_1-year\" class=\"wpforms-field-date-time-date-year wpforms-field-required\"  required><option value=\"\" class=\"placeholder\" selected disabled>YYYY<\/option><option value=\"2026\" >2026<\/option><option value=\"2025\" >2025<\/option><option value=\"2024\" >2024<\/option><option value=\"2023\" >2023<\/option><option value=\"2022\" >2022<\/option><option value=\"2021\" >2021<\/option><option value=\"2020\" >2020<\/option><option value=\"2019\" >2019<\/option><option value=\"2018\" >2018<\/option><option value=\"2017\" >2017<\/option><option value=\"2016\" >2016<\/option><option value=\"2015\" >2015<\/option><option value=\"2014\" >2014<\/option><option value=\"2013\" >2013<\/option><option value=\"2012\" >2012<\/option><option value=\"2011\" >2011<\/option><option value=\"2010\" >2010<\/option><option value=\"2009\" >2009<\/option><option value=\"2008\" >2008<\/option><option value=\"2007\" >2007<\/option><option value=\"2006\" >2006<\/option><option value=\"2005\" >2005<\/option><option value=\"2004\" >2004<\/option><option value=\"2003\" >2003<\/option><option value=\"2002\" >2002<\/option><option value=\"2001\" >2001<\/option><option value=\"2000\" >2000<\/option><option value=\"1999\" >1999<\/option><option value=\"1998\" >1998<\/option><option value=\"1997\" >1997<\/option><option value=\"1996\" >1996<\/option><option value=\"1995\" >1995<\/option><option value=\"1994\" >1994<\/option><option value=\"1993\" >1993<\/option><option value=\"1992\" >1992<\/option><option value=\"1991\" >1991<\/option><option value=\"1990\" >1990<\/option><option value=\"1989\" >1989<\/option><option value=\"1988\" >1988<\/option><option value=\"1987\" >1987<\/option><option value=\"1986\" >1986<\/option><option value=\"1985\" >1985<\/option><option value=\"1984\" >1984<\/option><option value=\"1983\" >1983<\/option><option value=\"1982\" >1982<\/option><option value=\"1981\" >1981<\/option><option value=\"1980\" >1980<\/option><option value=\"1979\" >1979<\/option><option value=\"1978\" >1978<\/option><option value=\"1977\" >1977<\/option><option value=\"1976\" >1976<\/option><option value=\"1975\" >1975<\/option><option value=\"1974\" >1974<\/option><option value=\"1973\" >1973<\/option><option value=\"1972\" >1972<\/option><option value=\"1971\" >1971<\/option><option value=\"1970\" >1970<\/option><option value=\"1969\" >1969<\/option><option value=\"1968\" >1968<\/option><option value=\"1967\" >1967<\/option><option value=\"1966\" >1966<\/option><option value=\"1965\" >1965<\/option><option value=\"1964\" >1964<\/option><option value=\"1963\" >1963<\/option><option value=\"1962\" >1962<\/option><option value=\"1961\" >1961<\/option><option value=\"1960\" >1960<\/option><option value=\"1959\" >1959<\/option><option value=\"1958\" >1958<\/option><option value=\"1957\" >1957<\/option><option value=\"1956\" >1956<\/option><option value=\"1955\" >1955<\/option><option value=\"1954\" >1954<\/option><option value=\"1953\" >1953<\/option><option value=\"1952\" >1952<\/option><option value=\"1951\" >1951<\/option><option value=\"1950\" >1950<\/option><option value=\"1949\" >1949<\/option><option value=\"1948\" >1948<\/option><option value=\"1947\" >1947<\/option><option value=\"1946\" >1946<\/option><option value=\"1945\" >1945<\/option><option value=\"1944\" >1944<\/option><option value=\"1943\" >1943<\/option><option value=\"1942\" >1942<\/option><option value=\"1941\" >1941<\/option><option value=\"1940\" >1940<\/option><option value=\"1939\" >1939<\/option><option value=\"1938\" >1938<\/option><option value=\"1937\" >1937<\/option><option value=\"1936\" >1936<\/option><option value=\"1935\" >1935<\/option><option value=\"1934\" >1934<\/option><option value=\"1933\" >1933<\/option><option value=\"1932\" >1932<\/option><option value=\"1931\" >1931<\/option><option value=\"1930\" >1930<\/option><option value=\"1929\" >1929<\/option><option value=\"1928\" >1928<\/option><option value=\"1927\" >1927<\/option><option value=\"1926\" >1926<\/option><option value=\"1925\" >1925<\/option><option value=\"1924\" >1924<\/option><option value=\"1923\" >1923<\/option><option value=\"1922\" >1922<\/option><option value=\"1921\" >1921<\/option><option value=\"1920\" >1920<\/option><\/select><\/div><div id=\"wpforms-78001-field_8-container\" class=\"wpforms-field wpforms-field-text\" data-field-id=\"8\"><label class=\"wpforms-field-label\" for=\"wpforms-78001-field_8\">Mobile Phone Number <span class=\"wpforms-required-label\">*<\/span><\/label><input type=\"text\" id=\"wpforms-78001-field_8\" class=\"wpforms-field-medium wpforms-field-required wpforms-masked-input\" data-inputmask-mask=\"0 (599)-999-99-99\" data-rule-empty-blanks=\"1\" name=\"wpforms[fields][8]\" placeholder=\"05XX XXX XX XX\" required><\/div><div id=\"wpforms-78001-field_2-container\" class=\"wpforms-field wpforms-field-email\" data-field-id=\"2\"><label class=\"wpforms-field-label\" for=\"wpforms-78001-field_2\">E-Mail Address<\/label><input type=\"email\" id=\"wpforms-78001-field_2\" class=\"wpforms-field-medium\" name=\"wpforms[fields][2]\" ><\/div><div id=\"wpforms-78001-field_4-container\" class=\"wpforms-field wpforms-field-select wpforms-field-select-style-modern\" data-field-id=\"4\"><label class=\"wpforms-field-label\" for=\"wpforms-78001-field_4\">Education Status <span class=\"wpforms-required-label\">*<\/span><\/label><select id=\"wpforms-78001-field_4\" class=\"wpforms-field-medium wpforms-field-required choicesjs-select\" data-size-class=\"wpforms-field-row wpforms-field-medium\" data-search-enabled=\"1\" name=\"wpforms[fields][4]\" required=\"required\"><option value=\"\" class=\"placeholder\" disabled  selected='selected'>Select...<\/option><option value=\"Primary School\" >Primary School<\/option><option value=\"Middle School\" >Middle School<\/option><option value=\"High School\" >High School<\/option><option value=\"Associate Degree\" >Associate Degree<\/option><option value=\"Undergraduate\" >Undergraduate<\/option><option value=\"Degree\" >Degree<\/option><option value=\"Doctorate\" >Doctorate<\/option><option value=\"Vocational High School\" >Vocational High School<\/option><option value=\"Illiterate\" >Illiterate<\/option><option value=\"Literate\" >Literate<\/option><\/select><\/div><div id=\"wpforms-78001-field_11-container\" class=\"wpforms-field wpforms-field-select wpforms-field-select-style-modern\" data-field-id=\"11\"><label class=\"wpforms-field-label\" for=\"wpforms-78001-field_11\">Working Status <span class=\"wpforms-required-label\">*<\/span><\/label><select id=\"wpforms-78001-field_11\" class=\"wpforms-field-medium wpforms-field-required choicesjs-select\" data-size-class=\"wpforms-field-row wpforms-field-medium\" data-search-enabled=\"\" name=\"wpforms[fields][11]\" required=\"required\"><option value=\"\" class=\"placeholder\" disabled  selected='selected'>Select...<\/option><option value=\"Working\" >Working<\/option><option value=\"Not Working\" >Not Working<\/option><option value=\"Student\" >Student<\/option><option value=\"Retired\" >Retired<\/option><\/select><\/div><div id=\"wpforms-78001-field_12-container\" class=\"wpforms-field wpforms-field-select wpforms-field-select-style-modern\" data-field-id=\"12\"><label class=\"wpforms-field-label\" for=\"wpforms-78001-field_12\">Disability Situation<\/label><select id=\"wpforms-78001-field_12\" class=\"wpforms-field-medium choicesjs-select\" data-size-class=\"wpforms-field-row wpforms-field-medium\" data-search-enabled=\"1\" name=\"wpforms[fields][12]\"><option value=\"\" class=\"placeholder\" disabled  selected='selected'>Select...<\/option><option value=\"Mentally handicapped\" >Mentally handicapped<\/option><option value=\"Orthopedically disabled\" >Orthopedically disabled<\/option><option value=\"Deaf\" >Deaf<\/option><option value=\"Blind\" >Blind<\/option><option value=\"Chronic Disease\" >Chronic Disease<\/option><option value=\"Spiritual and Emotional\" >Spiritual and Emotional<\/option><option value=\"Multiple Barrier\" >Multiple Barrier<\/option><option value=\"Language and Speech\" >Language and Speech<\/option><option value=\"Down Syndrome\" >Down Syndrome<\/option><option value=\"Autism\" >Autism<\/option><option value=\"Cardiology\" >Cardiology<\/option><option value=\"Physical Medicine and Rehabilitation\" >Physical Medicine and Rehabilitation<\/option><option value=\"Neurological\" >Neurological<\/option><option value=\"Epilepsy\" >Epilepsy<\/option><\/select><\/div><div id=\"wpforms-78001-field_30-container\" class=\"wpforms-field wpforms-field-radio\" data-field-id=\"30\"><label class=\"wpforms-field-label\" for=\"wpforms-78001-field_30\">Seminar and Trainings <span class=\"wpforms-required-label\">*<\/span><\/label><ul id=\"wpforms-78001-field_30\" class=\"wpforms-field-required\"><li class=\"choice-15 depth-1\"><input type=\"radio\" id=\"wpforms-78001-field_30_15\" name=\"wpforms[fields][30]\" value=\"Entrepreneurship Training for Women\" required ><label class=\"wpforms-field-label-inline\" for=\"wpforms-78001-field_30_15\">Entrepreneurship Training for Women<\/label><\/li><li class=\"choice-16 depth-1\"><input type=\"radio\" id=\"wpforms-78001-field_30_16\" name=\"wpforms[fields][30]\" value=\"Women in Innovation Project Seminar\" required ><label class=\"wpforms-field-label-inline\" for=\"wpforms-78001-field_30_16\">Women in Innovation Project Seminar<\/label><\/li><li class=\"choice-17 depth-1\"><input type=\"radio\" id=\"wpforms-78001-field_30_17\" name=\"wpforms[fields][30]\" value=\"Women\u2019s Legal Rights Training\" required ><label class=\"wpforms-field-label-inline\" for=\"wpforms-78001-field_30_17\">Women\u2019s Legal Rights Training<\/label><\/li><li class=\"choice-18 depth-1\"><input type=\"radio\" id=\"wpforms-78001-field_30_18\" name=\"wpforms[fields][30]\" value=\"Youth Commision Training\" required ><label class=\"wpforms-field-label-inline\" for=\"wpforms-78001-field_30_18\">Youth Commision Training<\/label><\/li><li class=\"choice-19 depth-1\"><input type=\"radio\" id=\"wpforms-78001-field_30_19\" name=\"wpforms[fields][30]\" value=\"Two People Training\" required ><label class=\"wpforms-field-label-inline\" for=\"wpforms-78001-field_30_19\">Two People Training<\/label><\/li><li class=\"choice-20 depth-1\"><input type=\"radio\" id=\"wpforms-78001-field_30_20\" name=\"wpforms[fields][30]\" value=\"Women\u2019s Leadership Training\" required ><label class=\"wpforms-field-label-inline\" for=\"wpforms-78001-field_30_20\">Women\u2019s Leadership Training<\/label><\/li><\/ul><\/div><\/div><div class=\"wpforms-submit-container\"><input type=\"hidden\" name=\"wpforms[id]\" value=\"78001\"><input type=\"hidden\" name=\"wpforms[author]\" value=\"1\"><button type=\"submit\" name=\"wpforms[submit]\" id=\"wpforms-submit-78001\" class=\"wpforms-submit\" aria-live=\"assertive\" value=\"wpforms-submit\">Send<\/button><\/div><\/form><\/div>  <!-- .wpforms-container -->\t\t\t\t<\/div>\n\t\t\t\t<\/div>\n\t\t\t\t\t<\/div>\n\t\t<\/div>\n\t\t\t\t\t<\/div>\n\t\t<\/section>\n\t\t\t\t<\/div>\n\t\t","protected":false},"excerpt":{"rendered":"","protected":false},"author":1,"featured_media":0,"parent":0,"menu_order":0,"comment_status":"closed","ping_status":"closed","template":"","meta":{"footnotes":""},"class_list":["post-78014","page","type-page","status-publish","hentry"],"_links":{"self":[{"href":"http:\/\/meydeb.com\/index.php?rest_route=\/wp\/v2\/pages\/78014","targetHints":{"allow":["GET"]}}],"collection":[{"href":"http:\/\/meydeb.com\/index.php?rest_route=\/wp\/v2\/pages"}],"about":[{"href":"http:\/\/meydeb.com\/index.php?rest_route=\/wp\/v2\/types\/page"}],"author":[{"embeddable":true,"href":"http:\/\/meydeb.com\/index.php?rest_route=\/wp\/v2\/users\/1"}],"replies":[{"embeddable":true,"href":"http:\/\/meydeb.com\/index.php?rest_route=%2Fwp%2Fv2%2Fcomments&post=78014"}],"version-history":[{"count":13,"href":"http:\/\/meydeb.com\/index.php?rest_route=\/wp\/v2\/pages\/78014\/revisions"}],"predecessor-version":[{"id":79162,"href":"http:\/\/meydeb.com\/index.php?rest_route=\/wp\/v2\/pages\/78014\/revisions\/79162"}],"wp:attachment":[{"href":"http:\/\/meydeb.com\/index.php?rest_route=%2Fwp%2Fv2%2Fmedia&parent=78014"}],"curies":[{"name":"wp","href":"https:\/\/api.w.org\/{rel}","templated":true}]}}