{"id":44250,"date":"2020-02-06T08:50:18","date_gmt":"2020-02-06T05:50:18","guid":{"rendered":"https:\/\/litho.themezaa.com\/?page_id=51"},"modified":"2024-11-20T18:39:46","modified_gmt":"2024-11-20T15:39:46","slug":"ana-sayfa","status":"publish","type":"page","link":"http:\/\/meydeb.com\/","title":{"rendered":"Ana Sayfa"},"content":{"rendered":"<p><a href=\"http:\/\/meydeb.com\/en\/2022\/news\/20-employments-by-tutkun-machine\/\">20 Employments by Tutkun Machine<\/a><br \/>\n\t\t\t\t\t\t\t\t\t\t\t\t\t\t<a href=\"http:\/\/meydeb.com\/en\/2022\/news\/20-employments-by-tutkun-machine\/\" role=\"button\"><br \/>\n\t\t\t\t\t\t\t\t\t\t\t\t\t\t\t\t\t\t\t\t\t\t\t\t\t\t\t\t\t\t\t\tDevam\u0131n\u0131 Oku&#8230;<br \/>\n\t\t\t\t\t\t\t\t\t\t\t\t\t\t<\/a><br \/>\n\t\t\t\t\t\t\t\t\t\t\t\t\t\t\t\t\t\t\t\t\t\t\t\t\t\t\t\t\t\t\t\t\t\t\t\t\t<a href=\"http:\/\/meydeb.com\/en\/2022\/news\/cutting-tools-and-sharp-metal-tips-are-granted-for-our-project%ef%bf%bc\/\">Cutting Tools and Hard Metal Cores are Granted for Our Project<\/a><br \/>\n\t\t\t\t\t\t\t\t\t\t\t\t\t\t<a href=\"http:\/\/meydeb.com\/en\/2022\/news\/cutting-tools-and-sharp-metal-tips-are-granted-for-our-project%ef%bf%bc\/\" role=\"button\"><br \/>\n\t\t\t\t\t\t\t\t\t\t\t\t\t\t\t\t\t\t\t\t\t\t\t\t\t\t\t\t\t\t\t\tDevam\u0131n\u0131 Oku&#8230;<br \/>\n\t\t\t\t\t\t\t\t\t\t\t\t\t\t<\/a><br \/>\n\t\t\t\t\t\t\t\t\t\t\t\t\t\t\t\t\t\t\t\t\t\t\t\t\t\t\t\t\t\t\t\t\t\t\t\t\t<a href=\"http:\/\/meydeb.com\/en\/2022\/news\/plaque-roll-up-and-swallowtail-support-for-our-project\/\">Plaque, Roll-Up and Swallowtail Support for Our Project<\/a><br \/>\n\t\t\t\t\t\t\t\t\t\t\t\t\t\t<a href=\"http:\/\/meydeb.com\/en\/2022\/news\/plaque-roll-up-and-swallowtail-support-for-our-project\/\" role=\"button\"><br \/>\n\t\t\t\t\t\t\t\t\t\t\t\t\t\t\t\t\t\t\t\t\t\t\t\t\t\t\t\t\t\t\t\tDevam\u0131n\u0131 Oku&#8230;<br \/>\n\t\t\t\t\t\t\t\t\t\t\t\t\t\t<\/a><br \/>\n\t\t\t\t\t\t\t\t\t\t\t\t\t\t\t\t\t\t\t\t\t\t\t\t\t\t\t\t\t\t\t\t\t\t\t\t\t<a href=\"http:\/\/meydeb.com\/en\/2022\/news\/financial-support-by-fatih-fer-ro-company\/\">Financial Support by Fatih FER-RO Company<\/a><br \/>\n\t\t\t\t\t\t\t\t\t\t\t\t\t\t<a href=\"http:\/\/meydeb.com\/en\/2022\/news\/financial-support-by-fatih-fer-ro-company\/\" role=\"button\"><br \/>\n\t\t\t\t\t\t\t\t\t\t\t\t\t\t\t\t\t\t\t\t\t\t\t\t\t\t\t\t\t\t\t\tDevam\u0131n\u0131 Oku&#8230;<br \/>\n\t\t\t\t\t\t\t\t\t\t\t\t\t\t<\/a><br \/>\n\t\t\t\t\t\t\t\t\t\t\t\t\t\t\t\t\t\t\t\t\t\t\t\t\t\t\t\t\t\t\t\t\t\t\t\t\t<a href=\"http:\/\/meydeb.com\/en\/2022\/news\/a-visit-by-anet-machining\/\">A Visit by ANET Machining<\/a><br \/>\n\t\t\t\t\t\t\t\t\t\t\t\t\t\t<a href=\"http:\/\/meydeb.com\/en\/2022\/news\/a-visit-by-anet-machining\/\" role=\"button\"><br \/>\n\t\t\t\t\t\t\t\t\t\t\t\t\t\t\t\t\t\t\t\t\t\t\t\t\t\t\t\t\t\t\t\tDevam\u0131n\u0131 Oku&#8230;<br \/>\n\t\t\t\t\t\t\t\t\t\t\t\t\t\t<\/a><br \/>\n\t\t\t\t\t\t\t\t\t\t\t\t\t\t\t\t\t\tPrevious<br \/>\n\t\t\t\t\t\t\t\t\t\t\t\t\t\t\t\t\t\tNext<br \/>\n\t\t\tK\u0130\u015e\u0130 \u0130ST\u0130HDAM<br \/>\n\t\t\t\t\t\t\t\t\t\t\t\t\t\t\t\t\t\t\t\t\t\t\t\t\t16<br \/>\n\t\t\t\t\t\t\t\t\t\t\t\t\t\t\t\t\t\t\tKURS<br \/>\n\t\t\t\u0130\u015eLETME ve \u0130\u015eVEREN<\/p>\n<style>\/*! elementor - v3.6.6 - 08-06-2022 *\/\n.elementor-widget-image{text-align:center}.elementor-widget-image a{display:inline-block}.elementor-widget-image a img[src$=\".svg\"]{width:48px}.elementor-widget-image img{vertical-align:middle;display:inline-block}<\/style>\n<p>\t\t\t\t\t\t\t\t\t\t\t\t<img loading=\"lazy\" decoding=\"async\" width=\"1024\" height=\"308\" src=\"http:\/\/meydeb.com\/wp-content\/uploads\/2022\/05\/izmir_ilmem_logo-sag\u0306-2-1024x308.jpg\" alt=\"\" loading=\"lazy\" srcset=\"http:\/\/meydeb.com\/wp-content\/uploads\/2022\/05\/izmir_ilmem_logo-sag\u0306-2-1024x308.jpg 1024w, http:\/\/meydeb.com\/wp-content\/uploads\/2022\/05\/izmir_ilmem_logo-sag\u0306-2-300x90.jpg 300w, http:\/\/meydeb.com\/wp-content\/uploads\/2022\/05\/izmir_ilmem_logo-sag\u0306-2-768x231.jpg 768w, http:\/\/meydeb.com\/wp-content\/uploads\/2022\/05\/izmir_ilmem_logo-sag\u0306-2-200x60.jpg 200w, http:\/\/meydeb.com\/wp-content\/uploads\/2022\/05\/izmir_ilmem_logo-sag\u0306-2.jpg 1133w\" sizes=\"auto, (max-width: 1024px) 100vw, 1024px\" \/><br \/>\n\t\t\t\t\t\t\t\t\t\t\t\t\t\t\t<img loading=\"lazy\" decoding=\"async\" width=\"1024\" height=\"203\" src=\"http:\/\/meydeb.com\/wp-content\/uploads\/2022\/04\/DB_Logo-v3-1024x203.png\" alt=\"\" loading=\"lazy\" srcset=\"http:\/\/meydeb.com\/wp-content\/uploads\/2022\/04\/DB_Logo-v3-1024x203.png 1024w, http:\/\/meydeb.com\/wp-content\/uploads\/2022\/04\/DB_Logo-v3-300x59.png 300w, http:\/\/meydeb.com\/wp-content\/uploads\/2022\/04\/DB_Logo-v3-768x152.png 768w, http:\/\/meydeb.com\/wp-content\/uploads\/2022\/04\/DB_Logo-v3-1536x304.png 1536w, http:\/\/meydeb.com\/wp-content\/uploads\/2022\/04\/DB_Logo-v3-200x40.png 200w, http:\/\/meydeb.com\/wp-content\/uploads\/2022\/04\/DB_Logo-v3-1568x310.png 1568w, http:\/\/meydeb.com\/wp-content\/uploads\/2022\/04\/DB_Logo-v3.png 1871w\" sizes=\"auto, (max-width: 1024px) 100vw, 1024px\" \/>\t\t\t\t\t\t\t\t\t\t\t\t\t\t\t<\/p>\n<style>\/*! elementor - v3.6.6 - 08-06-2022 *\/\n.elementor-heading-title{padding:0;margin:0;line-height:1}.elementor-widget-heading .elementor-heading-title[class*=elementor-size-]>a{color:inherit;font-size:inherit;line-height:inherit}.elementor-widget-heading .elementor-heading-title.elementor-size-small{font-size:15px}.elementor-widget-heading .elementor-heading-title.elementor-size-medium{font-size:19px}.elementor-widget-heading .elementor-heading-title.elementor-size-large{font-size:29px}.elementor-widget-heading .elementor-heading-title.elementor-size-xl{font-size:39px}.elementor-widget-heading .elementor-heading-title.elementor-size-xxl{font-size:59px}<\/style>\n<h2>PROJE HAKKINDA<\/h2>\n<p>Ulusal i\u015f g\u00fcc\u00fc piyasas\u0131n\u0131n, h\u0131zla de\u011fi\u015fen sosyal, ekonomik ve teknolojik ko\u015fullar\u0131na ba\u011fl\u0131 olarak s\u00fcrekli yeniden \u015fekillenen ihtiya\u00e7lar\u0131na uygun meslekleri belirleyen, bu mesleklerde \u00e7al\u0131\u015fan ya da \u00e7al\u0131\u015fmak isteyen ki\u015filerin sahip olmas\u0131 gereken standart bilgi ve beceri d\u00fczeylerini tespit ve tescil eden sistemin geli\u015ftirilmesi b\u00fcy\u00fck \u00f6nem ta\u015f\u0131maktad\u0131r.<\/p>\n<p>\t\t\t\t\t<a href=\"http:\/\/meydeb.com\/index.php\/proje-hakkinda\/\" role=\"button\"><br \/>\n\t\t\t\t\t\t\t\t\t\t\t\t\tPROJE B\u0130LG\u0130LER\u0130<br \/>\n\t\t\t\t\t\t\t\t<\/a><br \/>\n\t\t\tMEY-DEB \/ MESLEK\u0130 YETERL\u0130L\u0130K ve DEM\u0130R B\u0130LEK PROJES\u0130\t\t<\/p>\n<h5>\n\t\t\t\t\t\t\t\t\tMesleki de\u011ferlere sahip,<br \/>\n\t\t\t\t\t\t\t\t\t\t\t\t\t\t\t\t\t\t\t\t<b>yenilik\u00e7i, giri\u015fimci, \u00fcretken,<\/b><br \/>\n\t\t\t\t\t\t\t\t\t\t\t\t\t\t\t\t\t\t\t\t\t\t\t\t\t\t\t\t\t<b> ekonomiye de\u011fer katan,<\/b><br \/>\n\t\t\t\t\t\t\t\t\t\t\t\t\t\t\t\t\t\t\t\t\t\t\t\t\t\t\t\t\t<b> nitelikli i\u015fg\u00fcc\u00fcn\u00fc <br \/> \u00fclkemize kazand\u0131rmak.<\/b><br \/>\n\t\t\t<\/h5>\n<figure>\n\t\t\t\t\t\t\t\t\t<img decoding=\"async\" src=\"http:\/\/meydeb.com\/wp-content\/uploads\/2022\/04\/11-Amac\u0327-e1649240445862.jpg\" alt=\"11- Amac\u0327\"  \/><figcaption>\n\t\t\t\t\t\t\t\t\t\t\t\t\t\t\t\t\t\t\t\t\t\t\t01<\/p>\n<h5> \t\t\t\t\t\t\t\t\t\t\t\t\t\t\t\t\t\t\t\t\t\t\t\t\t\t\tAma\u00e7lar\u0131m\u0131z\t\t\t\t\t\t\t\t\t\t\t\t\t\t\t\t\t\t\t\t\t\t\t\t\t<\/h5>\n<p>\t\t\t\t\t\t\t\t\t\t\t\t\t\t\t\t\t\t\t\t\t\t\t\t\t\t\t\t\t\t\t\t\t\t<a href=\"http:\/\/meydeb.com\/index.php\/amacilarimiz\/\"><br \/>\n\t\t\t\t\t\t\t\t\t\t\t\t\tDETAYLI B\u0130LG\u0130&#8230;<br \/>\n\t\t\t\t\t\t\t\t\t\t\t\t\t\t\t\t\t\t\t\t\t\t\t\t\t<\/a><br \/>\n\t\t\t\t\t\t\t\t\t\t\t\t\t\t\t\t\t<\/figcaption><\/figure>\n<figure>\n\t\t\t\t\t\t\t\t\t<img decoding=\"async\" src=\"http:\/\/meydeb.com\/wp-content\/uploads\/2022\/04\/14-partnership-e1649240594291.jpg\" alt=\"14- partnership\"  srcset=\"http:\/\/meydeb.com\/wp-content\/uploads\/2022\/04\/14-partnership-e1649240594291.jpg 787w, http:\/\/meydeb.com\/wp-content\/uploads\/2022\/04\/14-partnership-e1649240594291-236x300.jpg 236w, http:\/\/meydeb.com\/wp-content\/uploads\/2022\/04\/14-partnership-e1649240594291-768x977.jpg 768w, http:\/\/meydeb.com\/wp-content\/uploads\/2022\/04\/14-partnership-e1649240594291-200x254.jpg 200w\" sizes=\"(max-width: 787px) 100vw, 787px\" \/><figcaption>\n\t\t\t\t\t\t\t\t\t\t\t\t\t\t\t\t\t\t\t\t\t\t\t02<\/p>\n<h5> \t\t\t\t\t\t\t\t\t\t\t\t\t\t\t\t\t\t\t\t\t\t\t\t\t\t\tOrtaklar\u0131m\u0131z\t\t\t\t\t\t\t\t\t\t\t\t\t\t\t\t\t\t\t\t\t\t\t\t\t<\/h5>\n<p>\t\t\t\t\t\t\t\t\t\t\t\t\t\t\t\t\t\t\t\t\t\t\t\t\t\t\t\t\t\t\t\t\t\t<a href=\"http:\/\/meydeb.com\/index.php\/ortaklarimiz\/\"><br \/>\n\t\t\t\t\t\t\t\t\t\t\t\t\tDETAYLI B\u0130LG\u0130&#8230;<br \/>\n\t\t\t\t\t\t\t\t\t\t\t\t\t\t\t\t\t\t\t\t\t\t\t\t\t<\/a><br \/>\n\t\t\t\t\t\t\t\t\t\t\t\t\t\t\t\t\t<\/figcaption><\/figure>\n<figure>\n\t\t\t\t\t\t\t\t\t<img decoding=\"async\" src=\"http:\/\/meydeb.com\/wp-content\/uploads\/2022\/04\/15-is\u0327tirakc\u0327i-e1649237624767.jpg\" alt=\"15-is\u0327tirakc\u0327i\"  srcset=\"http:\/\/meydeb.com\/wp-content\/uploads\/2022\/04\/15-is\u0327tirakc\u0327i-e1649237624767.jpg 787w, http:\/\/meydeb.com\/wp-content\/uploads\/2022\/04\/15-is\u0327tirakc\u0327i-e1649237624767-236x300.jpg 236w, http:\/\/meydeb.com\/wp-content\/uploads\/2022\/04\/15-is\u0327tirakc\u0327i-e1649237624767-768x977.jpg 768w, http:\/\/meydeb.com\/wp-content\/uploads\/2022\/04\/15-is\u0327tirakc\u0327i-e1649237624767-200x254.jpg 200w\" sizes=\"(max-width: 787px) 100vw, 787px\" \/><figcaption>\n\t\t\t\t\t\t\t\t\t\t\t\t\t\t\t\t\t\t\t\t\t\t\t03<\/p>\n<h5> \t\t\t\t\t\t\t\t\t\t\t\t\t\t\t\t\t\t\t\t\t\t\t\t\t\t\t\u0130\u015ftirak\u00e7iler\t\t\t\t\t\t\t\t\t\t\t\t\t\t\t\t\t\t\t\t\t\t\t\t\t<\/h5>\n<p>\t\t\t\t\t\t\t\t\t\t\t\t\t\t\t\t\t\t\t\t\t\t\t\t\t\t\t\t\t\t\t\t\t\t<a href=\"http:\/\/meydeb.com\/index.php\/istirakciler\/\"><br \/>\n\t\t\t\t\t\t\t\t\t\t\t\t\tDETAYLI B\u0130LG\u0130&#8230;<br \/>\n\t\t\t\t\t\t\t\t\t\t\t\t\t\t\t\t\t\t\t\t\t\t\t\t\t<\/a><br \/>\n\t\t\t\t\t\t\t\t\t\t\t\t\t\t\t\t\t<\/figcaption><\/figure>\n<figure>\n\t\t\t\t\t\t\t\t\t<img decoding=\"async\" src=\"http:\/\/meydeb.com\/wp-content\/uploads\/2022\/04\/16-bu\u0308tc\u0327e-e1649237673439.jpg\" alt=\"16- bu\u0308tc\u0327e\"  srcset=\"http:\/\/meydeb.com\/wp-content\/uploads\/2022\/04\/16-bu\u0308tc\u0327e-e1649237673439.jpg 787w, http:\/\/meydeb.com\/wp-content\/uploads\/2022\/04\/16-bu\u0308tc\u0327e-e1649237673439-236x300.jpg 236w, http:\/\/meydeb.com\/wp-content\/uploads\/2022\/04\/16-bu\u0308tc\u0327e-e1649237673439-768x977.jpg 768w, http:\/\/meydeb.com\/wp-content\/uploads\/2022\/04\/16-bu\u0308tc\u0327e-e1649237673439-200x254.jpg 200w\" sizes=\"(max-width: 787px) 100vw, 787px\" \/><figcaption>\n\t\t\t\t\t\t\t\t\t\t\t\t\t\t\t\t\t\t\t\t\t\t\t04<\/p>\n<h5> \t\t\t\t\t\t\t\t\t\t\t\t\t\t\t\t\t\t\t\t\t\t\t\t\t\t\tProje B\u00fct\u00e7esi\t\t\t\t\t\t\t\t\t\t\t\t\t\t\t\t\t\t\t\t\t\t\t\t\t<\/h5>\n<p>\t\t\t\t\t\t\t\t\t\t\t\t\t\t\t\t\t\t\t\t\t\t\t\t\t\t\t\t\t\t\t\t\t\t<a href=\"http:\/\/meydeb.com\/index.php\/proje-butcesi\/\"><br \/>\n\t\t\t\t\t\t\t\t\t\t\t\t\tDETAYLI B\u0130LG\u0130&#8230;.<br \/>\n\t\t\t\t\t\t\t\t\t\t\t\t\t\t\t\t\t\t\t\t\t\t\t\t\t<\/a><br \/>\n\t\t\t\t\t\t\t\t\t\t\t\t\t\t\t\t\t<\/figcaption><\/figure>\n<p>\t\t\t\t\t\t\t\t\t\t\t\t\t\t\t<img loading=\"lazy\" decoding=\"async\" width=\"1024\" height=\"202\" src=\"http:\/\/meydeb.com\/wp-content\/uploads\/2022\/04\/DB_Logo-v3-beyaz-2000px-1024x202.png\" alt=\"\" loading=\"lazy\" srcset=\"http:\/\/meydeb.com\/wp-content\/uploads\/2022\/04\/DB_Logo-v3-beyaz-2000px-1024x202.png 1024w, http:\/\/meydeb.com\/wp-content\/uploads\/2022\/04\/DB_Logo-v3-beyaz-2000px-300x59.png 300w, http:\/\/meydeb.com\/wp-content\/uploads\/2022\/04\/DB_Logo-v3-beyaz-2000px-768x152.png 768w, http:\/\/meydeb.com\/wp-content\/uploads\/2022\/04\/DB_Logo-v3-beyaz-2000px-1536x303.png 1536w, http:\/\/meydeb.com\/wp-content\/uploads\/2022\/04\/DB_Logo-v3-beyaz-2000px-200x39.png 200w, http:\/\/meydeb.com\/wp-content\/uploads\/2022\/04\/DB_Logo-v3-beyaz-2000px-1568x310.png 1568w, http:\/\/meydeb.com\/wp-content\/uploads\/2022\/04\/DB_Logo-v3-beyaz-2000px.png 2001w\" sizes=\"auto, (max-width: 1024px) 100vw, 1024px\" \/><br \/>\n\t\t\tDUYURULAR\t\t<\/p>\n<p>\u0130ZM\u0130R \u0130l Mill\u00ee E\u011fitim M\u00fcd\u00fcrl\u00fc\u011f\u00fc taraf\u0131ndan y\u00fcr\u00fct\u00fclen Mesleki Yeterlilik ve Demir Bilek (MEY-DEB) Projesi ile ilgili yay\u0131nlanan duyurular\u0131n t\u00fcm\u00fcn\u00fc g\u00f6rmek i\u00e7in<\/p>\n<h6><a href=\"http:\/\/meydeb.com\/duyurular\/\"> TIKLAYIN&#8230;<\/a><\/h6>\n<p>\t\t\t\t\t\t\t\t\t\t\t\t\t<a href=\"http:\/\/meydeb.com\/en\/category\/announcement\/\" rel=\"blog-category\">Announcement<\/a><br \/>\n\t\t\t\t\t\t\t\t\t\t\t\t\t\t\t\t\t\t\t\t\t\t\t\t\t\t\t\t\t\t\t\t\t\t<a href=\"http:\/\/meydeb.com\/en\/2022\/announcement\/mey-deb-project-opening-meeting\/\">MEY-DEB Project Opening Meeting<\/a><br \/>\n\t\t\t\t\t\t\t\t\t\t\t\t\t\t\t<a href=\"https:\/\/www.youtube.com\/watch?v=b8bQQOiRi0M\"><br \/>\n\t\t\t\t\t\t\t\t\t\t\t\t\t\t\t\t\t\t\t\t\t\t\t\t\t\t\t\t<\/a><\/p>\n<h4>MEY-DEB PROJES\u0130<BR> Mesleki Yeterlilik ve Demir Bilek<br \/>Proje Tan\u0131t\u0131m Videosu<\/h4>\n<p>\t\t\tMesleki Yeterlilik ve Demir Bilek Projesi\t\t<\/p>\n<h3>MEY-DEB Projesi ile ilgili Sorular\u0131n\u0131z i\u00e7in<\/h3>\n<p>\t\t\t\t\t<a href=\"http:\/\/meydeb.com\/iletisim\/\" role=\"button\"><br \/>\n\t\t\t\t\t\t\t\t\t\t\t\t\tB\u0130ZE ULA\u015eIN.<br \/>\n\t\t\t\t\t\t\t\t<\/a><\/p>\n","protected":false},"excerpt":{"rendered":"<p>20 Employments by Tutkun Machine Devam\u0131n\u0131 Oku&#8230; Cutting Tools and Hard Metal Cores are Granted for Our Project Devam\u0131n\u0131 Oku&#8230; Plaque, Roll-Up and Swallowtail Support for Our Project Devam\u0131n\u0131 Oku&#8230; Financial Support by Fatih FER-RO Company Devam\u0131n\u0131 Oku&#8230; A Visit by ANET Machining Devam\u0131n\u0131 Oku&#8230; Previous Next K\u0130\u015e\u0130 \u0130ST\u0130HDAM 16 KURS \u0130\u015eLETME ve \u0130\u015eVEREN PROJE [&hellip;]<\/p>\n","protected":false},"author":1,"featured_media":0,"parent":0,"menu_order":253,"comment_status":"closed","ping_status":"closed","template":"","meta":{"footnotes":""},"class_list":["post-44250","page","type-page","status-publish","hentry"],"_links":{"self":[{"href":"http:\/\/meydeb.com\/index.php?rest_route=\/wp\/v2\/pages\/44250","targetHints":{"allow":["GET"]}}],"collection":[{"href":"http:\/\/meydeb.com\/index.php?rest_route=\/wp\/v2\/pages"}],"about":[{"href":"http:\/\/meydeb.com\/index.php?rest_route=\/wp\/v2\/types\/page"}],"author":[{"embeddable":true,"href":"http:\/\/meydeb.com\/index.php?rest_route=\/wp\/v2\/users\/1"}],"replies":[{"embeddable":true,"href":"http:\/\/meydeb.com\/index.php?rest_route=%2Fwp%2Fv2%2Fcomments&post=44250"}],"version-history":[{"count":346,"href":"http:\/\/meydeb.com\/index.php?rest_route=\/wp\/v2\/pages\/44250\/revisions"}],"predecessor-version":[{"id":78586,"href":"http:\/\/meydeb.com\/index.php?rest_route=\/wp\/v2\/pages\/44250\/revisions\/78586"}],"wp:attachment":[{"href":"http:\/\/meydeb.com\/index.php?rest_route=%2Fwp%2Fv2%2Fmedia&parent=44250"}],"curies":[{"name":"wp","href":"https:\/\/api.w.org\/{rel}","templated":true}]}}